{"id":2838,"date":"2023-04-25T10:35:19","date_gmt":"2023-04-25T10:35:19","guid":{"rendered":"https:\/\/klondikemediarush.com\/?page_id=2838"},"modified":"2023-05-04T08:13:01","modified_gmt":"2023-05-04T08:13:01","slug":"impressum","status":"publish","type":"page","link":"https:\/\/klondikemediarush.com\/de\/impressum\/","title":{"rendered":"Impressum"},"content":{"rendered":"<p>&nbsp;<\/p>\n<p>Angaben gem\u00e4\u00df \u00a7 5<\/p>\n<p>&nbsp;<\/p>\n<p>TMG: NetShape Development SIA Avotu street 23-3 LV-1011 Riga<\/p>\n<p>Vertreten durch: Vasnin Dmitry Kontakt:<\/p>\n<p>Telefon: +37125409282 Telefax: +37125409282<\/p>\n<p>E-Mail:\u00a0inbox@netshape.pro\u00a0Registereintrag: Eintragung im . Registergericht: LV Registernummer:LV40103255954<\/p>\n<p>Haftungsausschluss: Haftung fuer Links Unser Angebot enth\u00e4lt Links zu externen Webseiten Dritter, auf deren Inhalte wir keinen Einfluss haben. Deshalb k\u00f6nnen wir f\u00fcr diese fremden Inhalte auch keine Gew\u00e4hr \u00fcbernehmen. F\u00fcr die Inhalte der verlinkten Seiten ist stets der jeweilige Anbieter oder Betreiber der Seiten verantwortlich. Die verlinkten Seiten wurden zum Zeitpunkt der Verlinkung auf m\u00f6gliche Rechtsverst\u00f6\u00dfe \u00fcberpr\u00fcft. Rechtswidrige Inhalte waren zum Zeitpunkt der Verlinkung nicht erkennbar. Eine permanente inhaltliche Kontrolle der verlinkten Seiten ist jedoch ohne konkrete Anhaltspunkte einer Rechtsverletzung nicht zumutbar. Bei Bekanntwerden von Rechtsverletzungen werden wir derartige Links umgehend entfernen.<\/p>","protected":false},"excerpt":{"rendered":"<p>&nbsp; Angaben gem\u00e4\u00df \u00a7 5 &nbsp; TMG: NetShape Development SIA Avotu street 23-3 LV-1011 Riga Vertreten durch: Vasnin Dmitry Kontakt: Telefon: +37125409282 Telefax: +37125409282 E-Mail:\u00a0inbox@netshape.pro\u00a0Registereintrag: Eintragung im . Registergericht: LV Registernummer:LV40103255954 Haftungsausschluss: Haftung fuer Links Unser Angebot enth\u00e4lt Links zu externen Webseiten Dritter, auf deren Inhalte wir keinen Einfluss haben. Deshalb k\u00f6nnen wir f\u00fcr diese [&hellip;]<\/p>","protected":false},"author":1,"featured_media":0,"parent":0,"menu_order":0,"comment_status":"closed","ping_status":"closed","template":"","meta":[],"_links":{"self":[{"href":"https:\/\/klondikemediarush.com\/de\/wp-json\/wp\/v2\/pages\/2838"}],"collection":[{"href":"https:\/\/klondikemediarush.com\/de\/wp-json\/wp\/v2\/pages"}],"about":[{"href":"https:\/\/klondikemediarush.com\/de\/wp-json\/wp\/v2\/types\/page"}],"author":[{"embeddable":true,"href":"https:\/\/klondikemediarush.com\/de\/wp-json\/wp\/v2\/users\/1"}],"replies":[{"embeddable":true,"href":"https:\/\/klondikemediarush.com\/de\/wp-json\/wp\/v2\/comments?post=2838"}],"version-history":[{"count":14,"href":"https:\/\/klondikemediarush.com\/de\/wp-json\/wp\/v2\/pages\/2838\/revisions"}],"predecessor-version":[{"id":2869,"href":"https:\/\/klondikemediarush.com\/de\/wp-json\/wp\/v2\/pages\/2838\/revisions\/2869"}],"wp:attachment":[{"href":"https:\/\/klondikemediarush.com\/de\/wp-json\/wp\/v2\/media?parent=2838"}],"curies":[{"name":"wp","href":"https:\/\/api.w.org\/{rel}","templated":true}]}}